{"id":13,"date":"2017-02-07T15:22:36","date_gmt":"2017-02-07T15:22:36","guid":{"rendered":"http:\/\/themenectar.com\/demo\/salient-startup\/?page_id=13"},"modified":"2024-09-13T07:34:39","modified_gmt":"2024-09-13T07:34:39","slug":"blogs","status":"publish","type":"page","link":"https:\/\/verve.lv\/en\/blogs\/","title":{"rendered":"Blog"},"content":{"rendered":"<div id=\"fws_69fb423a429cc\"  data-column-margin=\"default\" data-midnight=\"light\" data-top-percent=\"13%\" data-bottom-percent=\"13%\"  class=\"wpb_row vc_row-fluid vc_row full-width-section parallax_section\"  style=\"padding-top: calc(100vw * 0.13); padding-bottom: calc(100vw * 0.13); \"><div class=\"row-bg-wrap\" data-bg-animation=\"none\" data-bg-animation-delay=\"\" data-bg-overlay=\"true\"><div class=\"inner-wrap row-bg-layer using-image\" ><div class=\"row-bg viewport-desktop using-image using-bg-color\" data-parallax-speed=\"fast\" style=\"background-image: url(https:\/\/verve.lv\/wp-content\/uploads\/2024\/07\/pexels-pixabay-316132-2-scaled.jpg); background-position: left top; background-repeat: no-repeat; background-color: #282828; \"><\/div><\/div><div class=\"row-bg-overlay row-bg-layer\" style=\"background-color:#0a0a0a;  opacity: 0.5; \"><\/div><\/div><div class=\"row_col_wrap_12 col span_12 light left\">\n\t<div  class=\"vc_col-sm-6 wpb_column column_container vc_column_container col no-extra-padding inherit_tablet inherit_phone\"  data-padding-pos=\"all\" data-has-bg-color=\"false\" data-bg-color=\"\" data-bg-opacity=\"1\" data-animation=\"\" data-delay=\"0\" >\n\t\t<div class=\"vc_column-inner\" >\n\t\t\t<div class=\"wpb_wrapper\">\n\t\t\t\t<h5 style=\"color: #ffffff;text-align: left\" class=\"vc_custom_heading wpb_animate_when_almost_visible wpb_fadeInUp fadeInUp\" >BLOG<\/h5><div class=\"nectar-split-heading\" data-align=\"default\" data-m-align=\"inherit\" data-text-effect=\"default\" data-animation-type=\"default\" data-animation-delay=\"0\" data-animation-offset=\"\" data-m-rm-animation=\"\" data-stagger=\"\" data-custom-font-size=\"false\" ><div class=\"heading-line\" > <div><h2>Our articles and thoughts<\/h2> <\/div> <\/div><\/div><div id=\"fws_69fb423a437b8\" data-midnight=\"\" data-column-margin=\"default\" class=\"wpb_row vc_row-fluid vc_row inner_row\"  style=\"\"><div class=\"row-bg-wrap\"> <div class=\"row-bg\" ><\/div> <\/div><div class=\"row_col_wrap_12_inner col span_12  left\">\n\t<div  class=\"vc_col-sm-10 wpb_column column_container vc_column_container col child_column has-animation no-extra-padding inherit_tablet inherit_phone\"   data-padding-pos=\"all\" data-has-bg-color=\"false\" data-bg-color=\"\" data-bg-opacity=\"1\" data-animation=\"fade-in-from-bottom\" data-delay=\"300\" >\n\t\t<div class=\"vc_column-inner\" >\n\t\t<div class=\"wpb_wrapper\">\n\t\t\t<p style=\"color: rgba(255,255,255,0.7);text-align: left\" class=\"vc_custom_heading\" >Read our articles and learn valuable information about the industry!<\/p>\n\t\t<\/div> \n\t<\/div>\n\t<\/div> \n\n\t<div  class=\"vc_col-sm-2 wpb_column column_container vc_column_container col child_column no-extra-padding inherit_tablet inherit_phone\"   data-padding-pos=\"all\" data-has-bg-color=\"false\" data-bg-color=\"\" data-bg-opacity=\"1\" data-animation=\"\" data-delay=\"0\" >\n\t\t<div class=\"vc_column-inner\" >\n\t\t<div class=\"wpb_wrapper\">\n\t\t\t\n\t\t<\/div> \n\t<\/div>\n\t<\/div> \n<\/div><\/div>\n\t\t\t<\/div> \n\t\t<\/div>\n\t<\/div> \n\n\t<div  class=\"vc_col-sm-6 wpb_column column_container vc_column_container col no-extra-padding inherit_tablet inherit_phone\"  data-padding-pos=\"all\" data-has-bg-color=\"false\" data-bg-color=\"\" data-bg-opacity=\"1\" data-animation=\"\" data-delay=\"0\" >\n\t\t<div class=\"vc_column-inner\" >\n\t\t\t<div class=\"wpb_wrapper\">\n\t\t\t\t\n\t\t\t<\/div> \n\t\t<\/div>\n\t<\/div> \n<\/div><\/div>\n\t\t<div id=\"fws_69fb423a445f9\"  data-column-margin=\"default\" data-midnight=\"dark\" data-top-percent=\"6%\" data-bottom-percent=\"6%\"  class=\"wpb_row vc_row-fluid vc_row full-width-section\"  style=\"padding-top: calc(100vw * 0.06); padding-bottom: calc(100vw * 0.06); \"><div class=\"row-bg-wrap\" data-bg-animation=\"none\" data-bg-animation-delay=\"\" data-bg-overlay=\"false\"><div class=\"inner-wrap row-bg-layer\" ><div class=\"row-bg viewport-desktop\"  style=\"\"><\/div><\/div><\/div><div class=\"row_col_wrap_12 col span_12 dark left\">\n\t<div  class=\"vc_col-sm-12 wpb_column column_container vc_column_container col no-extra-padding inherit_tablet inherit_phone\"  data-padding-pos=\"all\" data-has-bg-color=\"false\" data-bg-color=\"\" data-bg-opacity=\"1\" data-animation=\"\" data-delay=\"0\" >\n\t\t<div class=\"vc_column-inner\" >\n\t\t\t<div class=\"wpb_wrapper\">\n\t\t\t\t\n<div class=\"row\">\n\n <div class=\"post-area col featured_img_left span_12 col_last\" data-ams=\"\" data-remove-post-date=\"\" data-remove-post-author=\"1\" data-remove-post-comment-number=\"1\" data-remove-post-nectar-love=\"1\"> <div class=\"posts-container\" data-load-animation=\"none\">     \n     \n<article id=\"post-6513\" class=\"post-6513 post type-post status-publish format-standard has-post-thumbnail category-personala-noma\">  \n  <div class=\"inner-wrap animated\">\n    <div class=\"post-content\">\n      <div class=\"article-content-wrap\">\n        <div class=\"post-featured-img-wrap\">\n          <a href=\"https:\/\/verve.lv\/en\/ka-optimizet-darbinieku-atlasi-digitalaja-laikmeta\/\" aria-label=\"How to optimize employee selection in the digital age?\"><span class=\"post-featured-img\"><img loading=\"lazy\" decoding=\"async\" width=\"900\" height=\"600\" src=\"https:\/\/verve.lv\/wp-content\/uploads\/2025\/01\/unnamed-1-900x600.jpg\" class=\"attachment-wide_photography size-wide_photography skip-lazy wp-post-image\" alt=\"\" title=\"\" sizes=\"auto, (min-width: 690px) 40vw, 100vw\" srcset=\"https:\/\/verve.lv\/wp-content\/uploads\/2025\/01\/unnamed-1-900x600.jpg 900w, https:\/\/verve.lv\/wp-content\/uploads\/2025\/01\/unnamed-1-300x200.jpg 300w, https:\/\/verve.lv\/wp-content\/uploads\/2025\/01\/unnamed-1-1024x682.jpg 1024w, https:\/\/verve.lv\/wp-content\/uploads\/2025\/01\/unnamed-1-768x512.jpg 768w, https:\/\/verve.lv\/wp-content\/uploads\/2025\/01\/unnamed-1-1536x1023.jpg 1536w, https:\/\/verve.lv\/wp-content\/uploads\/2025\/01\/unnamed-1-18x12.jpg 18w, https:\/\/verve.lv\/wp-content\/uploads\/2025\/01\/unnamed-1.jpg 1600w\" \/><\/span><\/a>          \n        <\/div>\n        <div class=\"post-content-wrap\">\n          <a class=\"entire-meta-link\" href=\"https:\/\/verve.lv\/en\/ka-optimizet-darbinieku-atlasi-digitalaja-laikmeta\/\" aria-label=\"How to optimize employee selection in the digital age?\"><\/a>\n          <span class=\"meta-category\"><a class=\"personala-noma\" href=\"https:\/\/verve.lv\/en\/category\/personala-noma\/\">Staffing<\/a><\/span>          \n          <div class=\"post-header\">\n            <h3 class=\"title\"><a href=\"https:\/\/verve.lv\/en\/ka-optimizet-darbinieku-atlasi-digitalaja-laikmeta\/\"> How to optimize employee selection in the digital age?<\/a><\/h3>\n          <\/div>\n          \n          <div class=\"excerpt\">The recruitment process is one of the main challenges in business operations, and as technology develops, so does the recruitment process...<\/div><div class=\"grav-wrap\"><a href=\"https:\/\/verve.lv\/en\/author\/khima\/\"><img alt='khima' src='https:\/\/secure.gravatar.com\/avatar\/d59a2cd2c03ec56a31938d483c768d89?s=70&#038;d=mm&#038;r=g' srcset='https:\/\/secure.gravatar.com\/avatar\/d59a2cd2c03ec56a31938d483c768d89?s=140&#038;d=mm&#038;r=g 2x' class='avatar avatar-70 photo' height='70' width='70' \/><\/a><div class=\"text\"><a href=\"https:\/\/verve.lv\/en\/author\/khima\/\" rel=\"author\">khima<\/a><span>December 9, 2024<\/span><\/div><\/div>        <\/div>\n      <\/div>\n    <\/div>\n  <\/div>\n<\/article>     \n     \n<article id=\"post-6497\" class=\"post-6497 post type-post status-publish format-standard has-post-thumbnail category-personala-noma\">  \n  <div class=\"inner-wrap animated\">\n    <div class=\"post-content\">\n      <div class=\"article-content-wrap\">\n        <div class=\"post-featured-img-wrap\">\n          <a href=\"https:\/\/verve.lv\/en\/ka-izveleties-pareizo-personala-atlases-metodi-savam-uznemumam\/\" aria-label=\"How to choose the right recruitment method for your company\"><span class=\"post-featured-img\"><img loading=\"lazy\" decoding=\"async\" width=\"900\" height=\"600\" src=\"https:\/\/verve.lv\/wp-content\/uploads\/2024\/09\/unnamed-7-900x600.jpg\" class=\"attachment-wide_photography size-wide_photography skip-lazy wp-post-image\" alt=\"\" title=\"\" sizes=\"auto, (min-width: 690px) 40vw, 100vw\" srcset=\"https:\/\/verve.lv\/wp-content\/uploads\/2024\/09\/unnamed-7-900x600.jpg 900w, https:\/\/verve.lv\/wp-content\/uploads\/2024\/09\/unnamed-7-300x200.jpg 300w, https:\/\/verve.lv\/wp-content\/uploads\/2024\/09\/unnamed-7-1024x682.jpg 1024w, https:\/\/verve.lv\/wp-content\/uploads\/2024\/09\/unnamed-7-768x512.jpg 768w, https:\/\/verve.lv\/wp-content\/uploads\/2024\/09\/unnamed-7-1536x1023.jpg 1536w, https:\/\/verve.lv\/wp-content\/uploads\/2024\/09\/unnamed-7-18x12.jpg 18w, https:\/\/verve.lv\/wp-content\/uploads\/2024\/09\/unnamed-7.jpg 1600w\" \/><\/span><\/a>          \n        <\/div>\n        <div class=\"post-content-wrap\">\n          <a class=\"entire-meta-link\" href=\"https:\/\/verve.lv\/en\/ka-izveleties-pareizo-personala-atlases-metodi-savam-uznemumam\/\" aria-label=\"How to choose the right recruitment method for your company\"><\/a>\n          <span class=\"meta-category\"><a class=\"personala-noma\" href=\"https:\/\/verve.lv\/en\/category\/personala-noma\/\">Staffing<\/a><\/span>          \n          <div class=\"post-header\">\n            <h3 class=\"title\"><a href=\"https:\/\/verve.lv\/en\/ka-izveleties-pareizo-personala-atlases-metodi-savam-uznemumam\/\"> How to choose the right recruitment method for your company<\/a><\/h3>\n          <\/div>\n          \n          <div class=\"excerpt\">Personnel recruitment is one of the most crucial processes in any company. According to Employment Hero 2023...<\/div><div class=\"grav-wrap\"><a href=\"https:\/\/verve.lv\/en\/author\/khima\/\"><img alt='khima' src='https:\/\/secure.gravatar.com\/avatar\/d59a2cd2c03ec56a31938d483c768d89?s=70&#038;d=mm&#038;r=g' srcset='https:\/\/secure.gravatar.com\/avatar\/d59a2cd2c03ec56a31938d483c768d89?s=140&#038;d=mm&#038;r=g 2x' class='avatar avatar-70 photo' height='70' width='70' \/><\/a><div class=\"text\"><a href=\"https:\/\/verve.lv\/en\/author\/khima\/\" rel=\"author\">khima<\/a><span>September 9, 2024<\/span><\/div><\/div>        <\/div>\n      <\/div>\n    <\/div>\n  <\/div>\n<\/article>     \n     \n<article id=\"post-1251\" class=\"post-1251 post type-post status-publish format-standard has-post-thumbnail category-personala-noma\">  \n  <div class=\"inner-wrap animated\">\n    <div class=\"post-content\">\n      <div class=\"article-content-wrap\">\n        <div class=\"post-featured-img-wrap\">\n          <a href=\"https:\/\/verve.lv\/en\/personala-nomas-prieksrocibas-uznemuma-izaugsmei\/\" aria-label=\"The Benefits of Staffing Solutions for Business Growth\"><span class=\"post-featured-img\"><img loading=\"lazy\" decoding=\"async\" width=\"900\" height=\"600\" src=\"https:\/\/verve.lv\/wp-content\/uploads\/2013\/01\/pexels-lexovertoom-1109543-900x600.jpg\" class=\"attachment-wide_photography size-wide_photography skip-lazy wp-post-image\" alt=\"\" title=\"\" sizes=\"auto, (min-width: 690px) 40vw, 100vw\" srcset=\"https:\/\/verve.lv\/wp-content\/uploads\/2013\/01\/pexels-lexovertoom-1109543-900x600.jpg 900w, https:\/\/verve.lv\/wp-content\/uploads\/2013\/01\/pexels-lexovertoom-1109543-300x200.jpg 300w, https:\/\/verve.lv\/wp-content\/uploads\/2013\/01\/pexels-lexovertoom-1109543-1024x683.jpg 1024w, https:\/\/verve.lv\/wp-content\/uploads\/2013\/01\/pexels-lexovertoom-1109543-768x512.jpg 768w, https:\/\/verve.lv\/wp-content\/uploads\/2013\/01\/pexels-lexovertoom-1109543-1536x1024.jpg 1536w, https:\/\/verve.lv\/wp-content\/uploads\/2013\/01\/pexels-lexovertoom-1109543-2048x1365.jpg 2048w, https:\/\/verve.lv\/wp-content\/uploads\/2013\/01\/pexels-lexovertoom-1109543-18x12.jpg 18w\" \/><\/span><\/a>          \n        <\/div>\n        <div class=\"post-content-wrap\">\n          <a class=\"entire-meta-link\" href=\"https:\/\/verve.lv\/en\/personala-nomas-prieksrocibas-uznemuma-izaugsmei\/\" aria-label=\"The Benefits of Staffing Solutions for Business Growth\"><\/a>\n          <span class=\"meta-category\"><a class=\"personala-noma\" href=\"https:\/\/verve.lv\/en\/category\/personala-noma\/\">Staffing<\/a><\/span>          \n          <div class=\"post-header\">\n            <h3 class=\"title\"><a href=\"https:\/\/verve.lv\/en\/personala-nomas-prieksrocibas-uznemuma-izaugsmei\/\"> The Benefits of Staffing Solutions for Business Growth<\/a><\/h3>\n          <\/div>\n          \n          <div class=\"excerpt\">In today's dynamic business environment, companies must quickly adapt to changing demands, market fluctuations, and technological challenges...<\/div><div class=\"grav-wrap\"><a href=\"https:\/\/verve.lv\/en\/author\/khima\/\"><img alt='khima' src='https:\/\/secure.gravatar.com\/avatar\/d59a2cd2c03ec56a31938d483c768d89?s=70&#038;d=mm&#038;r=g' srcset='https:\/\/secure.gravatar.com\/avatar\/d59a2cd2c03ec56a31938d483c768d89?s=140&#038;d=mm&#038;r=g 2x' class='avatar avatar-70 photo' height='70' width='70' \/><\/a><div class=\"text\"><a href=\"https:\/\/verve.lv\/en\/author\/khima\/\" rel=\"author\">khima<\/a><span>May 7, 2024<\/span><\/div><\/div>        <\/div>\n      <\/div>\n    <\/div>\n  <\/div>\n<\/article>    \n    <\/div><!--\/posts container-->\n    \n      \n<\/div><!--\/post area-->\n\n  \n\n<\/div>\n\n\n\t\t\t<\/div> \n\t\t<\/div>\n\t<\/div> \n<\/div><\/div>","protected":false},"excerpt":{"rendered":"M\u016bsdienu dinamiskaj\u0101 biznesa vid\u0113 uz\u0146\u0113mumiem j\u0101sp\u0113j \u0101tri piel\u0101goties main\u012bgaj\u0101m pras\u012bb\u0101m, tirgus sv\u0101rst\u012bb\u0101m un tehnolo\u0123iskajiem izaicin\u0101jumiem. Cilv\u0113ku paradumi un ekspekt\u0101cijas par darba vietu strauji main\u0101s. To pier\u0101da kaut tas, ka p\u0113rn,...","protected":false},"author":1,"featured_media":0,"parent":0,"menu_order":0,"comment_status":"closed","ping_status":"closed","template":"","meta":{"footnotes":""},"class_list":["post-13","page","type-page","status-publish"],"yoast_head":"<!-- This site is optimized with the Yoast SEO plugin v24.2 - https:\/\/yoast.com\/wordpress\/plugins\/seo\/ -->\n<title>Blogs &#8226; VERVE<\/title>\n<meta name=\"robots\" content=\"index, follow, max-snippet:-1, max-image-preview:large, max-video-preview:-1\" \/>\n<link rel=\"canonical\" href=\"https:\/\/verve.lv\/en\/blogs\/\" \/>\n<meta property=\"og:locale\" content=\"en_US\" \/>\n<meta property=\"og:type\" content=\"article\" \/>\n<meta property=\"og:title\" content=\"Blogs &#8226; VERVE\" \/>\n<meta property=\"og:url\" content=\"https:\/\/verve.lv\/en\/blogs\/\" \/>\n<meta property=\"og:site_name\" content=\"VERVE\" \/>\n<meta property=\"article:publisher\" content=\"https:\/\/www.facebook.com\/vervelatvia\/\" \/>\n<meta property=\"article:modified_time\" content=\"2024-09-13T07:34:39+00:00\" \/>\n<meta name=\"twitter:card\" content=\"summary_large_image\" \/>\n<meta name=\"twitter:label1\" content=\"Est. reading time\" \/>\n\t<meta name=\"twitter:data1\" content=\"1 minute\" \/>\n<script type=\"application\/ld+json\" class=\"yoast-schema-graph\">{\"@context\":\"https:\/\/schema.org\",\"@graph\":[{\"@type\":\"WebPage\",\"@id\":\"https:\/\/verve.lv\/blogs\/\",\"url\":\"https:\/\/verve.lv\/blogs\/\",\"name\":\"Blogs &#8226; VERVE\",\"isPartOf\":{\"@id\":\"https:\/\/verve.lv\/#website\"},\"datePublished\":\"2017-02-07T15:22:36+00:00\",\"dateModified\":\"2024-09-13T07:34:39+00:00\",\"breadcrumb\":{\"@id\":\"https:\/\/verve.lv\/blogs\/#breadcrumb\"},\"inLanguage\":\"en-US\",\"potentialAction\":[{\"@type\":\"ReadAction\",\"target\":[\"https:\/\/verve.lv\/blogs\/\"]}]},{\"@type\":\"BreadcrumbList\",\"@id\":\"https:\/\/verve.lv\/blogs\/#breadcrumb\",\"itemListElement\":[{\"@type\":\"ListItem\",\"position\":1,\"name\":\"Home\",\"item\":\"https:\/\/verve.lv\/\"},{\"@type\":\"ListItem\",\"position\":2,\"name\":\"Blogs\"}]},{\"@type\":\"WebSite\",\"@id\":\"https:\/\/verve.lv\/#website\",\"url\":\"https:\/\/verve.lv\/\",\"name\":\"VERVE\",\"description\":\"Person\u0101la noma un atlase\",\"publisher\":{\"@id\":\"https:\/\/verve.lv\/#organization\"},\"potentialAction\":[{\"@type\":\"SearchAction\",\"target\":{\"@type\":\"EntryPoint\",\"urlTemplate\":\"https:\/\/verve.lv\/?s={search_term_string}\"},\"query-input\":{\"@type\":\"PropertyValueSpecification\",\"valueRequired\":true,\"valueName\":\"search_term_string\"}}],\"inLanguage\":\"en-US\"},{\"@type\":\"Organization\",\"@id\":\"https:\/\/verve.lv\/#organization\",\"name\":\"VERVE\",\"url\":\"https:\/\/verve.lv\/\",\"logo\":{\"@type\":\"ImageObject\",\"inLanguage\":\"en-US\",\"@id\":\"https:\/\/verve.lv\/#\/schema\/logo\/image\/\",\"url\":\"https:\/\/verve.lv\/wp-content\/uploads\/2024\/05\/verve-1080-x-500-px.png\",\"contentUrl\":\"https:\/\/verve.lv\/wp-content\/uploads\/2024\/05\/verve-1080-x-500-px.png\",\"width\":1080,\"height\":400,\"caption\":\"VERVE\"},\"image\":{\"@id\":\"https:\/\/verve.lv\/#\/schema\/logo\/image\/\"},\"sameAs\":[\"https:\/\/www.facebook.com\/vervelatvia\/\",\"https:\/\/www.instagram.com\/verve.lv\"]}]}<\/script>\n<!-- \/ Yoast SEO plugin. -->","yoast_head_json":{"title":"Blogs &#8226; VERVE","robots":{"index":"index","follow":"follow","max-snippet":"max-snippet:-1","max-image-preview":"max-image-preview:large","max-video-preview":"max-video-preview:-1"},"canonical":"https:\/\/verve.lv\/en\/blogs\/","og_locale":"en_US","og_type":"article","og_title":"Blogs &#8226; VERVE","og_url":"https:\/\/verve.lv\/en\/blogs\/","og_site_name":"VERVE","article_publisher":"https:\/\/www.facebook.com\/vervelatvia\/","article_modified_time":"2024-09-13T07:34:39+00:00","twitter_card":"summary_large_image","twitter_misc":{"Est. reading time":"1 minute"},"schema":{"@context":"https:\/\/schema.org","@graph":[{"@type":"WebPage","@id":"https:\/\/verve.lv\/blogs\/","url":"https:\/\/verve.lv\/blogs\/","name":"Blogs &#8226; VERVE","isPartOf":{"@id":"https:\/\/verve.lv\/#website"},"datePublished":"2017-02-07T15:22:36+00:00","dateModified":"2024-09-13T07:34:39+00:00","breadcrumb":{"@id":"https:\/\/verve.lv\/blogs\/#breadcrumb"},"inLanguage":"en-US","potentialAction":[{"@type":"ReadAction","target":["https:\/\/verve.lv\/blogs\/"]}]},{"@type":"BreadcrumbList","@id":"https:\/\/verve.lv\/blogs\/#breadcrumb","itemListElement":[{"@type":"ListItem","position":1,"name":"Home","item":"https:\/\/verve.lv\/"},{"@type":"ListItem","position":2,"name":"Blogs"}]},{"@type":"WebSite","@id":"https:\/\/verve.lv\/#website","url":"https:\/\/verve.lv\/","name":"VERVE","description":"Person\u0101la noma un atlase","publisher":{"@id":"https:\/\/verve.lv\/#organization"},"potentialAction":[{"@type":"SearchAction","target":{"@type":"EntryPoint","urlTemplate":"https:\/\/verve.lv\/?s={search_term_string}"},"query-input":{"@type":"PropertyValueSpecification","valueRequired":true,"valueName":"search_term_string"}}],"inLanguage":"en-US"},{"@type":"Organization","@id":"https:\/\/verve.lv\/#organization","name":"VERVE","url":"https:\/\/verve.lv\/","logo":{"@type":"ImageObject","inLanguage":"en-US","@id":"https:\/\/verve.lv\/#\/schema\/logo\/image\/","url":"https:\/\/verve.lv\/wp-content\/uploads\/2024\/05\/verve-1080-x-500-px.png","contentUrl":"https:\/\/verve.lv\/wp-content\/uploads\/2024\/05\/verve-1080-x-500-px.png","width":1080,"height":400,"caption":"VERVE"},"image":{"@id":"https:\/\/verve.lv\/#\/schema\/logo\/image\/"},"sameAs":["https:\/\/www.facebook.com\/vervelatvia\/","https:\/\/www.instagram.com\/verve.lv"]}]}},"_links":{"self":[{"href":"https:\/\/verve.lv\/en\/wp-json\/wp\/v2\/pages\/13","targetHints":{"allow":["GET"]}}],"collection":[{"href":"https:\/\/verve.lv\/en\/wp-json\/wp\/v2\/pages"}],"about":[{"href":"https:\/\/verve.lv\/en\/wp-json\/wp\/v2\/types\/page"}],"author":[{"embeddable":true,"href":"https:\/\/verve.lv\/en\/wp-json\/wp\/v2\/users\/1"}],"replies":[{"embeddable":true,"href":"https:\/\/verve.lv\/en\/wp-json\/wp\/v2\/comments?post=13"}],"version-history":[{"count":12,"href":"https:\/\/verve.lv\/en\/wp-json\/wp\/v2\/pages\/13\/revisions"}],"predecessor-version":[{"id":6509,"href":"https:\/\/verve.lv\/en\/wp-json\/wp\/v2\/pages\/13\/revisions\/6509"}],"wp:attachment":[{"href":"https:\/\/verve.lv\/en\/wp-json\/wp\/v2\/media?parent=13"}],"curies":[{"name":"wp","href":"https:\/\/api.w.org\/{rel}","templated":true}]}}