{"id":8,"date":"2017-02-07T15:05:55","date_gmt":"2017-02-07T15:05:55","guid":{"rendered":"http:\/\/themenectar.com\/demo\/salient-startup\/?page_id=8"},"modified":"2025-09-29T19:06:29","modified_gmt":"2025-09-29T19:06:29","slug":"kontakti","status":"publish","type":"page","link":"https:\/\/verve.lv\/en\/kontakti\/","title":{"rendered":"Contacts"},"content":{"rendered":"<div id=\"fws_69fb4650ce861\"  data-column-margin=\"default\" data-midnight=\"light\" data-top-percent=\"10%\" data-bottom-percent=\"10%\"  class=\"wpb_row vc_row-fluid vc_row full-width-section parallax_section\"  style=\"padding-top: calc(100vw * 0.10); padding-bottom: calc(100vw * 0.10); \"><div class=\"row-bg-wrap\" data-bg-animation=\"none\" data-bg-animation-delay=\"\" data-bg-overlay=\"true\"><div class=\"inner-wrap row-bg-layer using-image\" ><div class=\"row-bg viewport-desktop using-image using-bg-color\" data-parallax-speed=\"fast\" style=\"background-image: url(https:\/\/verve.lv\/wp-content\/uploads\/2024\/04\/pexels-guillaume-meurice-2529179-scaled.jpg); background-position: center center; background-repeat: no-repeat; background-color: #ffffff; \"><\/div><\/div><div class=\"row-bg-overlay row-bg-layer\" style=\"background-color:#0a0a0a;  opacity: 0.5; \"><\/div><\/div><div class=\"row_col_wrap_12 col span_12 light left\">\n\t<div  class=\"vc_col-sm-12 wpb_column column_container vc_column_container col no-extra-padding inherit_tablet inherit_phone\"  data-padding-pos=\"all\" data-has-bg-color=\"false\" data-bg-color=\"\" data-bg-opacity=\"1\" data-animation=\"\" data-delay=\"0\" >\n\t\t<div class=\"vc_column-inner\" >\n\t\t\t<div class=\"wpb_wrapper\">\n\t\t\t\t<div id=\"fws_69fb4650cf360\" data-midnight=\"\" data-column-margin=\"default\" class=\"wpb_row vc_row-fluid vc_row inner_row vc_row-o-equal-height vc_row-flex vc_row-o-content-top\"  style=\"\"><div class=\"row-bg-wrap\"> <div class=\"row-bg\" ><\/div> <\/div><div class=\"row_col_wrap_12_inner col span_12  left\">\n\t<div  class=\"vc_col-sm-6 vc_col-lg-6 vc_col-md-6 vc_col-xs-12 wpb_column column_container vc_column_container col child_column has-animation no-extra-padding inherit_tablet inherit_phone\"   data-padding-pos=\"all\" data-has-bg-color=\"false\" data-bg-color=\"\" data-bg-opacity=\"1\" data-animation=\"fade-in\" data-delay=\"0\" >\n\t\t<div class=\"vc_column-inner\" >\n\t\t<div class=\"wpb_wrapper\">\n\t\t\t\n<div class=\"wpb_text_column wpb_content_element  wpb_animate_when_almost_visible wpb_fadeInUp fadeInUp vc_custom_1712174145983\" >\n\t<div class=\"wpb_wrapper\">\n\t\t<h5>Want to get in touch?<\/h5>\n\t<\/div>\n<\/div>\n\n\n\n<div class=\"nectar-split-heading\" data-align=\"default\" data-m-align=\"inherit\" data-text-effect=\"default\" data-animation-type=\"default\" data-animation-delay=\"0\" data-animation-offset=\"\" data-m-rm-animation=\"\" data-stagger=\"\" data-custom-font-size=\"false\" ><div class=\"heading-line\" > <div><h3>Fill out the contact form and we will contact you!<\/h3> <\/div> <\/div><\/div>\n\t\t<\/div> \n\t<\/div>\n\t<\/div> \n\n\t<div  class=\"vc_col-sm-6 wpb_column column_container vc_column_container col child_column no-extra-padding inherit_tablet inherit_phone\"   data-padding-pos=\"all\" data-has-bg-color=\"false\" data-bg-color=\"\" data-bg-opacity=\"1\" data-animation=\"\" data-delay=\"0\" >\n\t\t<div class=\"vc_column-inner\" >\n\t\t<div class=\"wpb_wrapper\">\n\t\t\t\n<div class=\"wpcf7 no-js\" id=\"wpcf7-f6236-o1\" lang=\"en-US\" dir=\"ltr\" data-wpcf7-id=\"6236\">\n<div class=\"screen-reader-response\"><p role=\"status\" aria-live=\"polite\" aria-atomic=\"true\"><\/p> <ul><\/ul><\/div>\n<form action=\"\/en\/wp-json\/wp\/v2\/pages\/8#wpcf7-f6236-o1\" method=\"post\" class=\"wpcf7-form init\" aria-label=\"Contact form\" novalidate=\"novalidate\" data-status=\"init\" data-trp-original-action=\"\/en\/wp-json\/wp\/v2\/pages\/8#wpcf7-f6236-o1\">\n<div style=\"display: none;\">\n<input type=\"hidden\" name=\"_wpcf7\" value=\"6236\" \/>\n<input type=\"hidden\" name=\"_wpcf7_version\" value=\"6.0.2\" \/>\n<input type=\"hidden\" name=\"_wpcf7_locale\" value=\"en_US\" \/>\n<input type=\"hidden\" name=\"_wpcf7_unit_tag\" value=\"wpcf7-f6236-o1\" \/>\n<input type=\"hidden\" name=\"_wpcf7_container_post\" value=\"0\" \/>\n<input type=\"hidden\" name=\"_wpcf7_posted_data_hash\" value=\"\" \/>\n<input type=\"hidden\" name=\"_wpcf7_recaptcha_response\" value=\"\" \/>\n<\/div>\n<p><label> Name*<br \/>\n<span class=\"wpcf7-form-control-wrap\" data-name=\"your-name\"><input size=\"40\" maxlength=\"400\" class=\"wpcf7-form-control wpcf7-text wpcf7-validates-as-required\" autocomplete=\"name\" aria-required=\"true\" aria-invalid=\"false\" value=\"\" type=\"text\" name=\"your-name\" \/><\/span> <\/label>\n<\/p>\n<p><label> E-mail*<br \/>\n<span class=\"wpcf7-form-control-wrap\" data-name=\"your-email\"><input size=\"40\" maxlength=\"400\" class=\"wpcf7-form-control wpcf7-email wpcf7-validates-as-required wpcf7-text wpcf7-validates-as-email\" autocomplete=\"email\" aria-required=\"true\" aria-invalid=\"false\" value=\"\" type=\"email\" name=\"your-email\" \/><\/span> <\/label>\n<\/p>\n<p><label> Phone number<br \/>\n<span class=\"wpcf7-form-control-wrap\" data-name=\"tel-34\"><input size=\"40\" maxlength=\"400\" class=\"wpcf7-form-control wpcf7-tel wpcf7-text wpcf7-validates-as-tel\" aria-invalid=\"false\" value=\"\" type=\"tel\" name=\"tel-34\" \/><\/span> <\/label>\n<\/p>\n<p><label> Message*<br \/>\n<span class=\"wpcf7-form-control-wrap\" data-name=\"your-message\"><textarea cols=\"40\" rows=\"10\" maxlength=\"2000\" class=\"wpcf7-form-control wpcf7-textarea wpcf7-validates-as-required\" aria-required=\"true\" aria-invalid=\"false\" name=\"your-message\"><\/textarea><\/span> <\/label>\n<\/p>\n<p><label> I agree to data processing and privacy policy.*<br \/>\n<span class=\"wpcf7-form-control-wrap\" data-name=\"acceptance\"><span class=\"wpcf7-form-control wpcf7-acceptance\"><span class=\"wpcf7-list-item\"><input type=\"checkbox\" name=\"acceptance\" value=\"1\" aria-invalid=\"false\" \/><\/span><\/span><\/span> <\/label>\n<\/p>\n<p><input class=\"wpcf7-form-control wpcf7-submit has-spinner\" type=\"submit\" value=\"Send\" \/>\n<\/p><div class=\"wpcf7-response-output\" aria-hidden=\"true\"><\/div>\n<input type=\"hidden\" name=\"trp-form-language\" value=\"en\"\/><\/form>\n<\/div>\n\n\t\t<\/div> \n\t<\/div>\n\t<\/div> \n<\/div><\/div>\n\t\t\t<\/div> \n\t\t<\/div>\n\t<\/div> \n<\/div><\/div>\n\t\t<div id=\"fws_69fb4650d100d\"  data-column-margin=\"default\" data-midnight=\"dark\"  class=\"wpb_row vc_row-fluid vc_row full-width-content vc_row-o-equal-height vc_row-flex vc_row-o-content-top\"  style=\"padding-top: 0px; padding-bottom: 0px; \"><div class=\"row-bg-wrap\" data-bg-animation=\"none\" data-bg-animation-delay=\"\" data-bg-overlay=\"false\"><div class=\"inner-wrap row-bg-layer\" ><div class=\"row-bg viewport-desktop using-bg-color\"  style=\"background-color: #ffffff; \"><\/div><\/div><\/div><div class=\"row_col_wrap_12 col span_12 dark left\">\n\t<div  class=\"vc_col-sm-6 wpb_column column_container vc_column_container col no-extra-padding inherit_tablet inherit_phone\"  data-padding-pos=\"all\" data-has-bg-color=\"false\" data-bg-color=\"\" data-bg-opacity=\"1\" data-animation=\"\" data-delay=\"0\" >\n\t\t<div class=\"vc_column-inner\" >\n\t\t\t<div class=\"wpb_wrapper\">\n\t\t\t\t<div id=\"map_69fb4650d167c\" style=\"height: 750px;\" class=\"nectar-leaflet-map\" data-infowindow-start-open=\"\" data-dark-color-scheme=\"\" data-marker-style=\"nectar\" data-nectar-marker-color=\"accent-color\" data-ultra-flat=\"\" data-greyscale=\"1\" data-extra-color=\"\" data-enable-animation=\"false\" data-enable-zoom=\"\" data-zoom-level=\"17\" data-center-lat=\"56.9493742\" data-center-lng=\"24.102673248105763\" data-marker-img=\"\"><\/div><div class=\"map_69fb4650d167c map-marker-list\"><div class=\"map-marker\" data-marker-image-width=\"50\" data-marker-image-height=\"50\" data-lat=\"56.9493742\" data-lng=\"24.102673248105763\" data-mapinfo=\"Miesnieku 12, R\u012bga\"><\/div><\/div>\n\t\t\t<\/div> \n\t\t<\/div>\n\t<\/div> \n\n\t<div  class=\"vc_col-sm-6 wpb_column column_container vc_column_container col padding-7-percent inherit_tablet inherit_phone\"  data-padding-pos=\"all\" data-has-bg-color=\"false\" data-bg-color=\"\" data-bg-opacity=\"1\" data-animation=\"\" data-delay=\"0\" >\n\t\t<div class=\"vc_column-inner\" >\n\t\t\t<div class=\"wpb_wrapper\">\n\t\t\t\t\n<div class=\"wpb_text_column wpb_content_element  vc_custom_1718271495583\" >\n\t<div class=\"wpb_wrapper\">\n\t\t<h3>Contacts<\/h3>\n<p>E-mail: <a href=\"mailto:info@verve.lv\">info@verve.lv <\/a><br \/>\nPhone: <a href=\"tel:0037125603388\">+371 25603388<\/a><\/p>\n\t<\/div>\n<\/div>\n\n\n\n\n<div class=\"wpb_text_column wpb_content_element  vc_custom_1718272806921\" >\n\t<div class=\"wpb_wrapper\">\n\t\t<h3>Company details<\/h3>\n<p>SIA \u201c<a href=\"http:\/\/VERVE.LV\">VERVE<\/a>\u201d<br \/>\nReg. no. 44103148110<br \/>\nAddress: Miesnieku 12, Riga, LV-1050<br \/>\nBank: AS \u201cSwedbank\u201d<br \/>\nSWIFT: HABALV22<br \/>\nIBAN: LV96HABA0551049038676<\/p>\n\t<\/div>\n<\/div>\n\n\n\n\n<div class=\"wpb_text_column wpb_content_element\" >\n\t<div class=\"wpb_wrapper\">\n\t\t<h3>Follow us<\/h3>\n<p>Instagram: <a href=\"https:\/\/www.instagram.com\/verve.lv\">@verve.lv<\/a><br \/>\nFacebook: <a href=\"https:\/\/www.facebook.com\/vervelatvia\">@vervelatvia<\/a><\/p>\n\t<\/div>\n<\/div>\n\n\n\n\n\t\t\t<\/div> \n\t\t<\/div>\n\t<\/div> \n<\/div><\/div>","protected":false},"excerpt":{"rendered":"V\u0113lies sazin\u0101ties? Aizpildi kontaktformu, un m\u0113s ar jums sazin\u0101simies! V\u0101rds* E-pasts* Telefona nr. Zi\u0146ojums* Es piekr\u012btu datu apstr\u0101dei un priv\u0101tuma politikai* Kontakti Epasts: info@verve.lv T\u0101lrunis: +371 25603388 Rekviz\u012bti SIA \u201cVERVE\u201d...","protected":false},"author":1,"featured_media":6240,"parent":0,"menu_order":0,"comment_status":"closed","ping_status":"closed","template":"","meta":{"footnotes":""},"class_list":["post-8","page","type-page","status-publish","has-post-thumbnail"],"yoast_head":"<!-- This site is optimized with the Yoast SEO plugin v24.2 - https:\/\/yoast.com\/wordpress\/plugins\/seo\/ -->\n<title>Kontakti &#8226; VERVE<\/title>\n<meta name=\"description\" content=\"VERVE pieredz\u0113jus\u012b komanda nodro\u0161ina efekt\u012bvu darbinieku nomu. Aizpildi kontaktformu, un m\u0113s ar jums sazin\u0101simies!\" \/>\n<meta name=\"robots\" content=\"index, follow, max-snippet:-1, max-image-preview:large, max-video-preview:-1\" \/>\n<link rel=\"canonical\" href=\"https:\/\/verve.lv\/en\/kontakti\/\" \/>\n<meta property=\"og:locale\" content=\"en_US\" \/>\n<meta property=\"og:type\" content=\"article\" \/>\n<meta property=\"og:title\" content=\"Kontakti &#8226; VERVE\" \/>\n<meta property=\"og:description\" content=\"VERVE pieredz\u0113jus\u012b komanda nodro\u0161ina efekt\u012bvu darbinieku nomu. Aizpildi kontaktformu, un m\u0113s ar jums sazin\u0101simies!\" \/>\n<meta property=\"og:url\" content=\"https:\/\/verve.lv\/en\/kontakti\/\" \/>\n<meta property=\"og:site_name\" content=\"VERVE\" \/>\n<meta property=\"article:publisher\" content=\"https:\/\/www.facebook.com\/vervelatvia\/\" \/>\n<meta property=\"article:modified_time\" content=\"2025-09-29T19:06:29+00:00\" \/>\n<meta property=\"og:image\" content=\"https:\/\/verve.lv\/wp-content\/uploads\/2024\/04\/pexels-guillaume-meurice-2529179-scaled.jpg\" \/>\n\t<meta property=\"og:image:width\" content=\"2048\" \/>\n\t<meta property=\"og:image:height\" content=\"2560\" \/>\n\t<meta property=\"og:image:type\" content=\"image\/jpeg\" \/>\n<meta name=\"twitter:card\" content=\"summary_large_image\" \/>\n<meta name=\"twitter:label1\" content=\"Est. reading time\" \/>\n\t<meta name=\"twitter:data1\" content=\"2 minutes\" \/>\n<script type=\"application\/ld+json\" class=\"yoast-schema-graph\">{\"@context\":\"https:\/\/schema.org\",\"@graph\":[{\"@type\":\"WebPage\",\"@id\":\"https:\/\/verve.lv\/kontakti\/\",\"url\":\"https:\/\/verve.lv\/kontakti\/\",\"name\":\"Kontakti &#8226; VERVE\",\"isPartOf\":{\"@id\":\"https:\/\/verve.lv\/#website\"},\"primaryImageOfPage\":{\"@id\":\"https:\/\/verve.lv\/kontakti\/#primaryimage\"},\"image\":{\"@id\":\"https:\/\/verve.lv\/kontakti\/#primaryimage\"},\"thumbnailUrl\":\"https:\/\/verve.lv\/wp-content\/uploads\/2024\/04\/pexels-guillaume-meurice-2529179-scaled.jpg\",\"datePublished\":\"2017-02-07T15:05:55+00:00\",\"dateModified\":\"2025-09-29T19:06:29+00:00\",\"description\":\"VERVE pieredz\u0113jus\u012b komanda nodro\u0161ina efekt\u012bvu darbinieku nomu. Aizpildi kontaktformu, un m\u0113s ar jums sazin\u0101simies!\",\"breadcrumb\":{\"@id\":\"https:\/\/verve.lv\/kontakti\/#breadcrumb\"},\"inLanguage\":\"en-US\",\"potentialAction\":[{\"@type\":\"ReadAction\",\"target\":[\"https:\/\/verve.lv\/kontakti\/\"]}]},{\"@type\":\"ImageObject\",\"inLanguage\":\"en-US\",\"@id\":\"https:\/\/verve.lv\/kontakti\/#primaryimage\",\"url\":\"https:\/\/verve.lv\/wp-content\/uploads\/2024\/04\/pexels-guillaume-meurice-2529179-scaled.jpg\",\"contentUrl\":\"https:\/\/verve.lv\/wp-content\/uploads\/2024\/04\/pexels-guillaume-meurice-2529179-scaled.jpg\",\"width\":2048,\"height\":2560,\"caption\":\"Person\u0101la noma no Latvijas un tre\u0161aj\u0101m valst\u012bm\"},{\"@type\":\"BreadcrumbList\",\"@id\":\"https:\/\/verve.lv\/kontakti\/#breadcrumb\",\"itemListElement\":[{\"@type\":\"ListItem\",\"position\":1,\"name\":\"Home\",\"item\":\"https:\/\/verve.lv\/\"},{\"@type\":\"ListItem\",\"position\":2,\"name\":\"Kontakti\"}]},{\"@type\":\"WebSite\",\"@id\":\"https:\/\/verve.lv\/#website\",\"url\":\"https:\/\/verve.lv\/\",\"name\":\"VERVE\",\"description\":\"Person\u0101la noma un atlase\",\"publisher\":{\"@id\":\"https:\/\/verve.lv\/#organization\"},\"potentialAction\":[{\"@type\":\"SearchAction\",\"target\":{\"@type\":\"EntryPoint\",\"urlTemplate\":\"https:\/\/verve.lv\/?s={search_term_string}\"},\"query-input\":{\"@type\":\"PropertyValueSpecification\",\"valueRequired\":true,\"valueName\":\"search_term_string\"}}],\"inLanguage\":\"en-US\"},{\"@type\":\"Organization\",\"@id\":\"https:\/\/verve.lv\/#organization\",\"name\":\"VERVE\",\"url\":\"https:\/\/verve.lv\/\",\"logo\":{\"@type\":\"ImageObject\",\"inLanguage\":\"en-US\",\"@id\":\"https:\/\/verve.lv\/#\/schema\/logo\/image\/\",\"url\":\"https:\/\/verve.lv\/wp-content\/uploads\/2024\/05\/verve-1080-x-500-px.png\",\"contentUrl\":\"https:\/\/verve.lv\/wp-content\/uploads\/2024\/05\/verve-1080-x-500-px.png\",\"width\":1080,\"height\":400,\"caption\":\"VERVE\"},\"image\":{\"@id\":\"https:\/\/verve.lv\/#\/schema\/logo\/image\/\"},\"sameAs\":[\"https:\/\/www.facebook.com\/vervelatvia\/\",\"https:\/\/www.instagram.com\/verve.lv\"]}]}<\/script>\n<!-- \/ Yoast SEO plugin. -->","yoast_head_json":{"title":"Kontakti &#8226; VERVE","description":"VERVE pieredz\u0113jus\u012b komanda nodro\u0161ina efekt\u012bvu darbinieku nomu. Aizpildi kontaktformu, un m\u0113s ar jums sazin\u0101simies!","robots":{"index":"index","follow":"follow","max-snippet":"max-snippet:-1","max-image-preview":"max-image-preview:large","max-video-preview":"max-video-preview:-1"},"canonical":"https:\/\/verve.lv\/en\/kontakti\/","og_locale":"en_US","og_type":"article","og_title":"Kontakti &#8226; VERVE","og_description":"VERVE pieredz\u0113jus\u012b komanda nodro\u0161ina efekt\u012bvu darbinieku nomu. Aizpildi kontaktformu, un m\u0113s ar jums sazin\u0101simies!","og_url":"https:\/\/verve.lv\/en\/kontakti\/","og_site_name":"VERVE","article_publisher":"https:\/\/www.facebook.com\/vervelatvia\/","article_modified_time":"2025-09-29T19:06:29+00:00","og_image":[{"width":2048,"height":2560,"url":"https:\/\/verve.lv\/wp-content\/uploads\/2024\/04\/pexels-guillaume-meurice-2529179-scaled.jpg","type":"image\/jpeg"}],"twitter_card":"summary_large_image","twitter_misc":{"Est. reading time":"2 minutes"},"schema":{"@context":"https:\/\/schema.org","@graph":[{"@type":"WebPage","@id":"https:\/\/verve.lv\/kontakti\/","url":"https:\/\/verve.lv\/kontakti\/","name":"Kontakti &#8226; VERVE","isPartOf":{"@id":"https:\/\/verve.lv\/#website"},"primaryImageOfPage":{"@id":"https:\/\/verve.lv\/kontakti\/#primaryimage"},"image":{"@id":"https:\/\/verve.lv\/kontakti\/#primaryimage"},"thumbnailUrl":"https:\/\/verve.lv\/wp-content\/uploads\/2024\/04\/pexels-guillaume-meurice-2529179-scaled.jpg","datePublished":"2017-02-07T15:05:55+00:00","dateModified":"2025-09-29T19:06:29+00:00","description":"VERVE pieredz\u0113jus\u012b komanda nodro\u0161ina efekt\u012bvu darbinieku nomu. Aizpildi kontaktformu, un m\u0113s ar jums sazin\u0101simies!","breadcrumb":{"@id":"https:\/\/verve.lv\/kontakti\/#breadcrumb"},"inLanguage":"en-US","potentialAction":[{"@type":"ReadAction","target":["https:\/\/verve.lv\/kontakti\/"]}]},{"@type":"ImageObject","inLanguage":"en-US","@id":"https:\/\/verve.lv\/kontakti\/#primaryimage","url":"https:\/\/verve.lv\/wp-content\/uploads\/2024\/04\/pexels-guillaume-meurice-2529179-scaled.jpg","contentUrl":"https:\/\/verve.lv\/wp-content\/uploads\/2024\/04\/pexels-guillaume-meurice-2529179-scaled.jpg","width":2048,"height":2560,"caption":"Person\u0101la noma no Latvijas un tre\u0161aj\u0101m valst\u012bm"},{"@type":"BreadcrumbList","@id":"https:\/\/verve.lv\/kontakti\/#breadcrumb","itemListElement":[{"@type":"ListItem","position":1,"name":"Home","item":"https:\/\/verve.lv\/"},{"@type":"ListItem","position":2,"name":"Kontakti"}]},{"@type":"WebSite","@id":"https:\/\/verve.lv\/#website","url":"https:\/\/verve.lv\/","name":"VERVE","description":"Person\u0101la noma un atlase","publisher":{"@id":"https:\/\/verve.lv\/#organization"},"potentialAction":[{"@type":"SearchAction","target":{"@type":"EntryPoint","urlTemplate":"https:\/\/verve.lv\/?s={search_term_string}"},"query-input":{"@type":"PropertyValueSpecification","valueRequired":true,"valueName":"search_term_string"}}],"inLanguage":"en-US"},{"@type":"Organization","@id":"https:\/\/verve.lv\/#organization","name":"VERVE","url":"https:\/\/verve.lv\/","logo":{"@type":"ImageObject","inLanguage":"en-US","@id":"https:\/\/verve.lv\/#\/schema\/logo\/image\/","url":"https:\/\/verve.lv\/wp-content\/uploads\/2024\/05\/verve-1080-x-500-px.png","contentUrl":"https:\/\/verve.lv\/wp-content\/uploads\/2024\/05\/verve-1080-x-500-px.png","width":1080,"height":400,"caption":"VERVE"},"image":{"@id":"https:\/\/verve.lv\/#\/schema\/logo\/image\/"},"sameAs":["https:\/\/www.facebook.com\/vervelatvia\/","https:\/\/www.instagram.com\/verve.lv"]}]}},"_links":{"self":[{"href":"https:\/\/verve.lv\/en\/wp-json\/wp\/v2\/pages\/8","targetHints":{"allow":["GET"]}}],"collection":[{"href":"https:\/\/verve.lv\/en\/wp-json\/wp\/v2\/pages"}],"about":[{"href":"https:\/\/verve.lv\/en\/wp-json\/wp\/v2\/types\/page"}],"author":[{"embeddable":true,"href":"https:\/\/verve.lv\/en\/wp-json\/wp\/v2\/users\/1"}],"replies":[{"embeddable":true,"href":"https:\/\/verve.lv\/en\/wp-json\/wp\/v2\/comments?post=8"}],"version-history":[{"count":15,"href":"https:\/\/verve.lv\/en\/wp-json\/wp\/v2\/pages\/8\/revisions"}],"predecessor-version":[{"id":6583,"href":"https:\/\/verve.lv\/en\/wp-json\/wp\/v2\/pages\/8\/revisions\/6583"}],"wp:featuredmedia":[{"embeddable":true,"href":"https:\/\/verve.lv\/en\/wp-json\/wp\/v2\/media\/6240"}],"wp:attachment":[{"href":"https:\/\/verve.lv\/en\/wp-json\/wp\/v2\/media?parent=8"}],"curies":[{"name":"wp","href":"https:\/\/api.w.org\/{rel}","templated":true}]}}